{"id":1223,"date":"2024-12-05T17:07:15","date_gmt":"2024-12-05T16:07:15","guid":{"rendered":"https:\/\/laurorecreative.fr\/?post_type=product&#038;p=1223"},"modified":"2025-12-04T15:43:06","modified_gmt":"2025-12-04T14:43:06","slug":"affiche-moulins-jacquemart","status":"publish","type":"product","link":"https:\/\/laurorecreative.fr\/index.php\/product\/affiche-moulins-jacquemart\/","title":{"rendered":"Celui qui aime le Jacquemart de MOULINS"},"content":{"rendered":"<p>Voici une affiche qui respire l\u2019amour pour Moulins ! Cr\u00e9\u00e9e sp\u00e9cialement pour le magazine du m\u00e9dia <strong>Moulins Autrement<\/strong>, elle c\u00e9l\u00e8bre tout ce qui rend cette ville si unique : ses lieux embl\u00e9matiques, son ambiance chaleureuse, et surtout ses commer\u00e7ants, v\u00e9ritables piliers de la vie locale.<\/p>\n<p>Avec son design minimaliste et color\u00e9, cette affiche met \u00e0 l\u2019honneur l\u2019une des silhouettes les plus reconnaissables de Moulins, baign\u00e9e par un grand soleil qui semble dire : \u201cBienvenue, ici il fait bon vivre !\u201d. Elle capture cette petite touche intemporelle de la ville tout en gardant un style moderne et frais, parfait pour illuminer vos murs.<\/p>\n<p>Imagin\u00e9e par des passionn\u00e9s de Moulins, cette cr\u00e9ation est un hommage \u00e0 la ville et \u00e0 tout ce qui fait son charme. Elle incarne l\u2019esprit du m\u00e9dia <strong>Moulins Autrement<\/strong>, qui raconte les histoires de ses habitants, de ses commer\u00e7ants et de ses coins secrets comme personne d\u2019autre.<\/p>\n<p>Accrochez-la dans votre salon, votre bureau ou votre boutique, et laissez cette affiche vous rappeler \u00e0 quel point cette ville est belle, authentique et vivante.<\/p>\n<p><strong>C\u2019est plus qu\u2019une affiche, c\u2019est un petit bout de Moulins chez vous !<\/strong><\/p>\n<p><em>R\u00e9alisation : <a href=\"https:\/\/www.instagram.com\/visuelle.laure?utm_source=ig_web_button_share_sheet&amp;igsh=ZDNlZDc0MzIxNw==\">Laure Abonnel<\/a><\/em><\/p>\n<p><strong>Vous \u00eates une entreprise, une collectivit\u00e9 ou une association ? <a href=\"https:\/\/laurorecreative.fr\/index.php\/agence-communication-clermont-moulins\/\">Contactez L&rsquo;Aurore Cr\u00e9ative<\/a> pour concevoir votre affiche personnalis\u00e9e, id\u00e9ale pour valoriser vos projets, vos \u00e9v\u00e9nements ou simplement apporter une touche unique \u00e0 votre d\u00e9coration !<\/strong><\/p>\n","protected":false},"excerpt":{"rendered":"<ul>\n<li><strong>Format<\/strong> : A3 (29,7 x 42 cm)<\/li>\n<li><strong>Papier<\/strong> : Qualit\u00e9 premium avec une finition mate<\/li>\n<li><strong>Parfait pour<\/strong> : Donner une petite vibe locale et joyeuse \u00e0 votre d\u00e9co ou faire un cadeau original \u00e0 quelqu\u2019un qui adore Moulins<\/li>\n<\/ul>\n","protected":false},"featured_media":1224,"template":"","meta":[],"product_brand":[],"product_cat":[22],"product_tag":[23,24,26,25],"class_list":{"0":"post-1223","1":"product","2":"type-product","3":"status-publish","4":"has-post-thumbnail","6":"product_cat-moulins-autrement","7":"product_tag-affiche","8":"product_tag-affiche-moulins","9":"product_tag-affiche-ville-de-moulins","10":"product_tag-ville-de-moulins","12":"first","13":"instock","14":"taxable","15":"shipping-taxable","16":"purchasable","17":"product-type-simple"},"yoast_head":"<!-- This site is optimized with the Yoast SEO plugin v26.8 - https:\/\/yoast.com\/product\/yoast-seo-wordpress\/ -->\n<title>Celui qui aime le Jacquemart de MOULINS - laurorecreative.fr<\/title>\n<meta name=\"description\" content=\"D\u00e9couvrez notre affiche de Moulins, un hommage vibrant \u00e0 la ville et \u00e0 ses commer\u00e7ants. Parfaite pour sublimer votre d\u00e9co !\" \/>\n<meta name=\"robots\" content=\"index, follow, max-snippet:-1, max-image-preview:large, max-video-preview:-1\" \/>\n<link rel=\"canonical\" href=\"https:\/\/laurorecreative.fr\/index.php\/product\/affiche-moulins-jacquemart\/\" \/>\n<meta property=\"og:locale\" content=\"fr_FR\" \/>\n<meta property=\"og:type\" content=\"article\" \/>\n<meta property=\"og:title\" content=\"Celui qui aime le Jacquemart de MOULINS - laurorecreative.fr\" \/>\n<meta property=\"og:description\" content=\"D\u00e9couvrez notre affiche de Moulins, un hommage vibrant \u00e0 la ville et \u00e0 ses commer\u00e7ants. Parfaite pour sublimer votre d\u00e9co !\" \/>\n<meta property=\"og:url\" content=\"https:\/\/laurorecreative.fr\/index.php\/product\/affiche-moulins-jacquemart\/\" \/>\n<meta property=\"og:site_name\" content=\"laurorecreative.fr\" \/>\n<meta property=\"article:modified_time\" content=\"2025-12-04T14:43:06+00:00\" \/>\n<meta property=\"og:image\" content=\"http:\/\/laurorecreative.fr\/wp-content\/uploads\/2024\/12\/Affiches-Moulins-Autrement_mockup-1-scaled.jpg\" \/>\n\t<meta property=\"og:image:width\" content=\"2560\" \/>\n\t<meta property=\"og:image:height\" content=\"1920\" \/>\n\t<meta property=\"og:image:type\" content=\"image\/jpeg\" \/>\n<meta name=\"twitter:card\" content=\"summary_large_image\" \/>\n<meta name=\"twitter:label1\" content=\"Dur\u00e9e de lecture estim\u00e9e\" \/>\n\t<meta name=\"twitter:data1\" content=\"2 minutes\" \/>\n<script type=\"application\/ld+json\" class=\"yoast-schema-graph\">{\"@context\":\"https:\/\/schema.org\",\"@graph\":[{\"@type\":\"WebPage\",\"@id\":\"https:\/\/laurorecreative.fr\/index.php\/product\/affiche-moulins-jacquemart\/\",\"url\":\"https:\/\/laurorecreative.fr\/index.php\/product\/affiche-moulins-jacquemart\/\",\"name\":\"Celui qui aime le Jacquemart de MOULINS - laurorecreative.fr\",\"isPartOf\":{\"@id\":\"https:\/\/laurorecreative.fr\/#website\"},\"primaryImageOfPage\":{\"@id\":\"https:\/\/laurorecreative.fr\/index.php\/product\/affiche-moulins-jacquemart\/#primaryimage\"},\"image\":{\"@id\":\"https:\/\/laurorecreative.fr\/index.php\/product\/affiche-moulins-jacquemart\/#primaryimage\"},\"thumbnailUrl\":\"https:\/\/laurorecreative.fr\/wp-content\/uploads\/2024\/12\/Affiches-Moulins-Autrement_mockup-1-scaled.jpg\",\"datePublished\":\"2024-12-05T16:07:15+00:00\",\"dateModified\":\"2025-12-04T14:43:06+00:00\",\"description\":\"D\u00e9couvrez notre affiche de Moulins, un hommage vibrant \u00e0 la ville et \u00e0 ses commer\u00e7ants. Parfaite pour sublimer votre d\u00e9co !\",\"breadcrumb\":{\"@id\":\"https:\/\/laurorecreative.fr\/index.php\/product\/affiche-moulins-jacquemart\/#breadcrumb\"},\"inLanguage\":\"fr-FR\",\"potentialAction\":[{\"@type\":\"ReadAction\",\"target\":[\"https:\/\/laurorecreative.fr\/index.php\/product\/affiche-moulins-jacquemart\/\"]}]},{\"@type\":\"ImageObject\",\"inLanguage\":\"fr-FR\",\"@id\":\"https:\/\/laurorecreative.fr\/index.php\/product\/affiche-moulins-jacquemart\/#primaryimage\",\"url\":\"https:\/\/laurorecreative.fr\/wp-content\/uploads\/2024\/12\/Affiches-Moulins-Autrement_mockup-1-scaled.jpg\",\"contentUrl\":\"https:\/\/laurorecreative.fr\/wp-content\/uploads\/2024\/12\/Affiches-Moulins-Autrement_mockup-1-scaled.jpg\",\"width\":2560,\"height\":1920,\"caption\":\"Affiche - Moulins\"},{\"@type\":\"BreadcrumbList\",\"@id\":\"https:\/\/laurorecreative.fr\/index.php\/product\/affiche-moulins-jacquemart\/#breadcrumb\",\"itemListElement\":[{\"@type\":\"ListItem\",\"position\":1,\"name\":\"Accueil\",\"item\":\"https:\/\/laurorecreative.fr\/\"},{\"@type\":\"ListItem\",\"position\":2,\"name\":\"Affiches &amp; illustration\",\"item\":\"https:\/\/laurorecreative.fr\/index.php\/affiches-illustration\/\"},{\"@type\":\"ListItem\",\"position\":3,\"name\":\"Celui qui aime le Jacquemart de MOULINS\"}]},{\"@type\":\"WebSite\",\"@id\":\"https:\/\/laurorecreative.fr\/#website\",\"url\":\"https:\/\/laurorecreative.fr\/\",\"name\":\"laurorecreative.fr\",\"description\":\"\",\"publisher\":{\"@id\":\"https:\/\/laurorecreative.fr\/#organization\"},\"potentialAction\":[{\"@type\":\"SearchAction\",\"target\":{\"@type\":\"EntryPoint\",\"urlTemplate\":\"https:\/\/laurorecreative.fr\/?s={search_term_string}\"},\"query-input\":{\"@type\":\"PropertyValueSpecification\",\"valueRequired\":true,\"valueName\":\"search_term_string\"}}],\"inLanguage\":\"fr-FR\"},{\"@type\":\"Organization\",\"@id\":\"https:\/\/laurorecreative.fr\/#organization\",\"name\":\"laurorecreative.fr\",\"url\":\"https:\/\/laurorecreative.fr\/\",\"logo\":{\"@type\":\"ImageObject\",\"inLanguage\":\"fr-FR\",\"@id\":\"https:\/\/laurorecreative.fr\/#\/schema\/logo\/image\/\",\"url\":\"https:\/\/laurorecreative.fr\/wp-content\/uploads\/2024\/06\/Aurore-Creative_Logo-copie.png\",\"contentUrl\":\"https:\/\/laurorecreative.fr\/wp-content\/uploads\/2024\/06\/Aurore-Creative_Logo-copie.png\",\"width\":300,\"height\":92,\"caption\":\"laurorecreative.fr\"},\"image\":{\"@id\":\"https:\/\/laurorecreative.fr\/#\/schema\/logo\/image\/\"}}]}<\/script>\n<!-- \/ Yoast SEO plugin. -->","yoast_head_json":{"title":"Celui qui aime le Jacquemart de MOULINS - laurorecreative.fr","description":"D\u00e9couvrez notre affiche de Moulins, un hommage vibrant \u00e0 la ville et \u00e0 ses commer\u00e7ants. Parfaite pour sublimer votre d\u00e9co !","robots":{"index":"index","follow":"follow","max-snippet":"max-snippet:-1","max-image-preview":"max-image-preview:large","max-video-preview":"max-video-preview:-1"},"canonical":"https:\/\/laurorecreative.fr\/index.php\/product\/affiche-moulins-jacquemart\/","og_locale":"fr_FR","og_type":"article","og_title":"Celui qui aime le Jacquemart de MOULINS - laurorecreative.fr","og_description":"D\u00e9couvrez notre affiche de Moulins, un hommage vibrant \u00e0 la ville et \u00e0 ses commer\u00e7ants. Parfaite pour sublimer votre d\u00e9co !","og_url":"https:\/\/laurorecreative.fr\/index.php\/product\/affiche-moulins-jacquemart\/","og_site_name":"laurorecreative.fr","article_modified_time":"2025-12-04T14:43:06+00:00","og_image":[{"width":2560,"height":1920,"url":"http:\/\/laurorecreative.fr\/wp-content\/uploads\/2024\/12\/Affiches-Moulins-Autrement_mockup-1-scaled.jpg","type":"image\/jpeg"}],"twitter_card":"summary_large_image","twitter_misc":{"Dur\u00e9e de lecture estim\u00e9e":"2 minutes"},"schema":{"@context":"https:\/\/schema.org","@graph":[{"@type":"WebPage","@id":"https:\/\/laurorecreative.fr\/index.php\/product\/affiche-moulins-jacquemart\/","url":"https:\/\/laurorecreative.fr\/index.php\/product\/affiche-moulins-jacquemart\/","name":"Celui qui aime le Jacquemart de MOULINS - laurorecreative.fr","isPartOf":{"@id":"https:\/\/laurorecreative.fr\/#website"},"primaryImageOfPage":{"@id":"https:\/\/laurorecreative.fr\/index.php\/product\/affiche-moulins-jacquemart\/#primaryimage"},"image":{"@id":"https:\/\/laurorecreative.fr\/index.php\/product\/affiche-moulins-jacquemart\/#primaryimage"},"thumbnailUrl":"https:\/\/laurorecreative.fr\/wp-content\/uploads\/2024\/12\/Affiches-Moulins-Autrement_mockup-1-scaled.jpg","datePublished":"2024-12-05T16:07:15+00:00","dateModified":"2025-12-04T14:43:06+00:00","description":"D\u00e9couvrez notre affiche de Moulins, un hommage vibrant \u00e0 la ville et \u00e0 ses commer\u00e7ants. Parfaite pour sublimer votre d\u00e9co !","breadcrumb":{"@id":"https:\/\/laurorecreative.fr\/index.php\/product\/affiche-moulins-jacquemart\/#breadcrumb"},"inLanguage":"fr-FR","potentialAction":[{"@type":"ReadAction","target":["https:\/\/laurorecreative.fr\/index.php\/product\/affiche-moulins-jacquemart\/"]}]},{"@type":"ImageObject","inLanguage":"fr-FR","@id":"https:\/\/laurorecreative.fr\/index.php\/product\/affiche-moulins-jacquemart\/#primaryimage","url":"https:\/\/laurorecreative.fr\/wp-content\/uploads\/2024\/12\/Affiches-Moulins-Autrement_mockup-1-scaled.jpg","contentUrl":"https:\/\/laurorecreative.fr\/wp-content\/uploads\/2024\/12\/Affiches-Moulins-Autrement_mockup-1-scaled.jpg","width":2560,"height":1920,"caption":"Affiche - Moulins"},{"@type":"BreadcrumbList","@id":"https:\/\/laurorecreative.fr\/index.php\/product\/affiche-moulins-jacquemart\/#breadcrumb","itemListElement":[{"@type":"ListItem","position":1,"name":"Accueil","item":"https:\/\/laurorecreative.fr\/"},{"@type":"ListItem","position":2,"name":"Affiches &amp; illustration","item":"https:\/\/laurorecreative.fr\/index.php\/affiches-illustration\/"},{"@type":"ListItem","position":3,"name":"Celui qui aime le Jacquemart de MOULINS"}]},{"@type":"WebSite","@id":"https:\/\/laurorecreative.fr\/#website","url":"https:\/\/laurorecreative.fr\/","name":"laurorecreative.fr","description":"","publisher":{"@id":"https:\/\/laurorecreative.fr\/#organization"},"potentialAction":[{"@type":"SearchAction","target":{"@type":"EntryPoint","urlTemplate":"https:\/\/laurorecreative.fr\/?s={search_term_string}"},"query-input":{"@type":"PropertyValueSpecification","valueRequired":true,"valueName":"search_term_string"}}],"inLanguage":"fr-FR"},{"@type":"Organization","@id":"https:\/\/laurorecreative.fr\/#organization","name":"laurorecreative.fr","url":"https:\/\/laurorecreative.fr\/","logo":{"@type":"ImageObject","inLanguage":"fr-FR","@id":"https:\/\/laurorecreative.fr\/#\/schema\/logo\/image\/","url":"https:\/\/laurorecreative.fr\/wp-content\/uploads\/2024\/06\/Aurore-Creative_Logo-copie.png","contentUrl":"https:\/\/laurorecreative.fr\/wp-content\/uploads\/2024\/06\/Aurore-Creative_Logo-copie.png","width":300,"height":92,"caption":"laurorecreative.fr"},"image":{"@id":"https:\/\/laurorecreative.fr\/#\/schema\/logo\/image\/"}}]}},"_links":{"self":[{"href":"https:\/\/laurorecreative.fr\/index.php\/wp-json\/wp\/v2\/product\/1223","targetHints":{"allow":["GET"]}}],"collection":[{"href":"https:\/\/laurorecreative.fr\/index.php\/wp-json\/wp\/v2\/product"}],"about":[{"href":"https:\/\/laurorecreative.fr\/index.php\/wp-json\/wp\/v2\/types\/product"}],"version-history":[{"count":1,"href":"https:\/\/laurorecreative.fr\/index.php\/wp-json\/wp\/v2\/product\/1223\/revisions"}],"predecessor-version":[{"id":1247,"href":"https:\/\/laurorecreative.fr\/index.php\/wp-json\/wp\/v2\/product\/1223\/revisions\/1247"}],"wp:featuredmedia":[{"embeddable":true,"href":"https:\/\/laurorecreative.fr\/index.php\/wp-json\/wp\/v2\/media\/1224"}],"wp:attachment":[{"href":"https:\/\/laurorecreative.fr\/index.php\/wp-json\/wp\/v2\/media?parent=1223"}],"wp:term":[{"taxonomy":"product_brand","embeddable":true,"href":"https:\/\/laurorecreative.fr\/index.php\/wp-json\/wp\/v2\/product_brand?post=1223"},{"taxonomy":"product_cat","embeddable":true,"href":"https:\/\/laurorecreative.fr\/index.php\/wp-json\/wp\/v2\/product_cat?post=1223"},{"taxonomy":"product_tag","embeddable":true,"href":"https:\/\/laurorecreative.fr\/index.php\/wp-json\/wp\/v2\/product_tag?post=1223"}],"curies":[{"name":"wp","href":"https:\/\/api.w.org\/{rel}","templated":true}]}}